{"id":55,"date":"2025-04-21T14:46:13","date_gmt":"2025-04-21T14:46:13","guid":{"rendered":"https:\/\/praxis.streb.digital\/?page_id=55"},"modified":"2025-05-10T12:18:51","modified_gmt":"2025-05-10T12:18:51","slug":"verkehrsmedizin","status":"publish","type":"page","link":"https:\/\/praxis.streb.digital\/en\/the-practice\/traffic-medicine\/","title":{"rendered":"Traffic medicine"},"content":{"rendered":"\t\t<div data-elementor-type=\"wp-page\" data-elementor-id=\"55\" class=\"elementor elementor-55\" data-elementor-post-type=\"page\">\n\t\t\t\t<div class=\"elementor-element elementor-element-5040e2e e-con-full e-flex e-con e-parent\" data-id=\"5040e2e\" data-element_type=\"container\">\n\t\t\t\t<div class=\"elementor-element elementor-element-a9f57ad elementor-widget elementor-widget-template\" data-id=\"a9f57ad\" data-element_type=\"widget\" data-widget_type=\"template.default\">\n\t\t\t\t<div class=\"elementor-widget-container\">\n\t\t\t\t\t\t\t<div class=\"elementor-template\">\n\t\t\t\t\t<div data-elementor-type=\"container\" data-elementor-id=\"577\" class=\"elementor elementor-577\" data-elementor-post-type=\"elementor_library\">\n\t\t\t\t<div class=\"elementor-element elementor-element-3c5e3e3a e-con-full e-flex e-con e-child\" data-id=\"3c5e3e3a\" data-element_type=\"container\" data-settings=\"{&quot;background_background&quot;:&quot;classic&quot;}\">\n\t\t\t\t<div class=\"elementor-element elementor-element-5554046d elementor-widget elementor-widget-heading\" data-id=\"5554046d\" data-element_type=\"widget\" data-widget_type=\"heading.default\">\n\t\t\t\t<div class=\"elementor-widget-container\">\n\t\t\t\t\t<h5 class=\"elementor-heading-title elementor-size-default\">Your practice for body and soul<\/h5>\t\t\t\t<\/div>\n\t\t\t\t<\/div>\n\t\t\t\t<div class=\"elementor-element elementor-element-38ef8a46 elementor-widget elementor-widget-heading\" data-id=\"38ef8a46\" data-element_type=\"widget\" data-widget_type=\"heading.default\">\n\t\t\t\t<div class=\"elementor-widget-container\">\n\t\t\t\t\t<h4 class=\"elementor-heading-title elementor-size-default\">Private practice Dr. Hans J\u00fcrgen Streb<\/h4>\t\t\t\t<\/div>\n\t\t\t\t<\/div>\n\t\t\t\t<\/div>\n\t\t\t\t<\/div>\n\t\t\t\t<\/div>\n\t\t\t\t\t\t<\/div>\n\t\t\t\t<\/div>\n\t\t<div class=\"elementor-element elementor-element-6e56a72 e-con-full e-flex e-con e-child\" data-id=\"6e56a72\" data-element_type=\"container\">\n\t\t\t\t<div class=\"elementor-element elementor-element-b7132ce elementor-widget__width-inherit elementor-widget elementor-widget-text-editor\" data-id=\"b7132ce\" data-element_type=\"widget\" data-widget_type=\"text-editor.default\">\n\t\t\t\t<div class=\"elementor-widget-container\">\n\t\t\t\t\t\t\t\t\t<h1 class=\"text-align-center\"><span class=\"font-size-25 m-font-size-20\">Traffic medicine <img decoding=\"async\" class=\"alignnone wp-image-1747 size-medium\" style=\"position: relative; top: 12px;\" src=\"https:\/\/praxis.streb.digital\/wp-content\/uploads\/car.png\" alt=\"\" width=\"300\" height=\"150\" \/><\/span><\/h1>\t\t\t\t\t\t\t\t<\/div>\n\t\t\t\t<\/div>\n\t\t\t\t<div class=\"elementor-element elementor-element-1ec9438 elementor-widget__width-initial elementor-widget-mobile__width-inherit elementor-widget elementor-widget-text-editor\" data-id=\"1ec9438\" data-element_type=\"widget\" data-widget_type=\"text-editor.default\">\n\t\t\t\t<div class=\"elementor-widget-container\">\n\t\t\t\t\t\t\t\t\t<p><strong>Fitness to drive with health restrictions<\/strong><\/p><p>Illnesses or disabilities can impair fitness to drive &#8211; sometimes permanently, but also temporarily or through treatment.<\/p><p><strong>Assessing your fitness to drive<\/strong> is an important part of our examination and treatment. Together with you, we will clarify whether and to what extent you can continue to participate safely in road traffic.<\/p>\t\t\t\t\t\t\t\t<\/div>\n\t\t\t\t<\/div>\n\t\t<div class=\"elementor-element elementor-element-c5bb44d e-con-full e-flex e-con e-child\" data-id=\"c5bb44d\" data-element_type=\"container\">\n\t\t\t\t<div class=\"elementor-element elementor-element-c0712e3 elementor-widget__width-initial img-max-height elementor-widget elementor-widget-image\" data-id=\"c0712e3\" data-element_type=\"widget\" data-widget_type=\"image.default\">\n\t\t\t\t<div class=\"elementor-widget-container\">\n\t\t\t\t\t\t\t\t\t\t\t\t\t\t\t\t<a href=\"https:\/\/praxis.streb.digital\/wp-content\/uploads\/drstreb_st-wendel.jpeg\" data-elementor-open-lightbox=\"yes\" data-elementor-lightbox-title=\"drstreb_st-wendel\" data-e-action-hash=\"#elementor-action%3Aaction%3Dlightbox%26settings%3DeyJpZCI6ODAzLCJ1cmwiOiJodHRwczpcL1wvcHJheGlzLnN0cmViLmRpZ2l0YWxcL3dwLWNvbnRlbnRcL3VwbG9hZHNcL2Ryc3RyZWJfc3Qtd2VuZGVsLmpwZWcifQ%3D%3D\">\n\t\t\t\t\t\t\t<img decoding=\"async\" width=\"800\" height=\"600\" src=\"https:\/\/praxis.streb.digital\/wp-content\/uploads\/drstreb_st-wendel.jpeg\" class=\"attachment-large size-large wp-image-803\" alt=\"Blick vom Balkon der Privatpraxis Dr. med. Hans Streb auf den Platz &#039;In der Mott&#039; im Zentrum von St. Wendel\" srcset=\"https:\/\/praxis.streb.digital\/wp-content\/uploads\/drstreb_st-wendel.jpeg 960w, https:\/\/praxis.streb.digital\/wp-content\/uploads\/drstreb_st-wendel-300x225.jpeg 300w, https:\/\/praxis.streb.digital\/wp-content\/uploads\/drstreb_st-wendel-768x576.jpeg 768w\" sizes=\"(max-width: 800px) 100vw, 800px\" \/>\t\t\t\t\t\t\t\t<\/a>\n\t\t\t\t\t\t\t\t\t\t\t\t\t\t\t<\/div>\n\t\t\t\t<\/div>\n\t\t\t\t<div class=\"elementor-element elementor-element-5c11f8b elementor-widget__width-initial img-max-height elementor-widget elementor-widget-image\" data-id=\"5c11f8b\" data-element_type=\"widget\" data-widget_type=\"image.default\">\n\t\t\t\t<div class=\"elementor-widget-container\">\n\t\t\t\t\t\t\t\t\t\t\t\t\t\t\t\t<a href=\"https:\/\/praxis.streb.digital\/wp-content\/uploads\/drstreb_verkehr.jpg\" data-elementor-open-lightbox=\"yes\" data-elementor-lightbox-title=\"Fahrrad- und Fu\u00dfweg, zum Verbildlichen der verkehrsmedizinischen Beratung von Dr. med. Hans Streb\" data-e-action-hash=\"#elementor-action%3Aaction%3Dlightbox%26settings%3DeyJpZCI6ODA0LCJ1cmwiOiJodHRwczpcL1wvcHJheGlzLnN0cmViLmRpZ2l0YWxcL3dwLWNvbnRlbnRcL3VwbG9hZHNcL2Ryc3RyZWJfdmVya2Voci5qcGcifQ%3D%3D\">\n\t\t\t\t\t\t\t<img decoding=\"async\" width=\"800\" height=\"894\" src=\"https:\/\/praxis.streb.digital\/wp-content\/uploads\/drstreb_verkehr-916x1024.jpg\" class=\"attachment-large size-large wp-image-804\" alt=\"Fahrrad- und Fu\u00dfweg, zum Verbildlichen der verkehrsmedizinischen Beratung von Dr. med. Hans Streb\" srcset=\"https:\/\/praxis.streb.digital\/wp-content\/uploads\/drstreb_verkehr-916x1024.jpg 916w, https:\/\/praxis.streb.digital\/wp-content\/uploads\/drstreb_verkehr-268x300.jpg 268w, https:\/\/praxis.streb.digital\/wp-content\/uploads\/drstreb_verkehr-768x858.jpg 768w, https:\/\/praxis.streb.digital\/wp-content\/uploads\/drstreb_verkehr.jpg 960w\" sizes=\"(max-width: 800px) 100vw, 800px\" \/>\t\t\t\t\t\t\t\t<\/a>\n\t\t\t\t\t\t\t\t\t\t\t\t\t\t\t<\/div>\n\t\t\t\t<\/div>\n\t\t\t\t<\/div>\n\t\t\t\t<\/div>\n\t\t\t\t<\/div>\n\t\t\t\t<\/div>\n\t\t","protected":false},"excerpt":{"rendered":"<p>Verkehrsmedizin Fahrtauglichkeit bei gesundheitlichen Einschr\u00e4nkungen Krankheiten oder Behinderungen k\u00f6nnen die Fahrtauglichkeit beeintr\u00e4chtigen \u2013 manchmal dauerhaft, aber auch vor\u00fcbergehend oder durch Behandlung beeinflussbar. Die Beurteilung der Fahrtauglichkeit ist ein wichtiger Bestandteil unserer Untersuchung und Behandlung. Wir kl\u00e4ren mit Ihnen gemeinsam, ob und in welchem Rahmen Sie weiterhin sicher am Stra\u00dfenverkehr teilnehmen k\u00f6nnen.<\/p>\n","protected":false},"author":1,"featured_media":0,"parent":25,"menu_order":0,"comment_status":"closed","ping_status":"closed","template":"","meta":{"footnotes":""},"class_list":["post-55","page","type-page","status-publish","hentry"],"_links":{"self":[{"href":"https:\/\/praxis.streb.digital\/en\/wp-json\/wp\/v2\/pages\/55","targetHints":{"allow":["GET"]}}],"collection":[{"href":"https:\/\/praxis.streb.digital\/en\/wp-json\/wp\/v2\/pages"}],"about":[{"href":"https:\/\/praxis.streb.digital\/en\/wp-json\/wp\/v2\/types\/page"}],"author":[{"embeddable":true,"href":"https:\/\/praxis.streb.digital\/en\/wp-json\/wp\/v2\/users\/1"}],"replies":[{"embeddable":true,"href":"https:\/\/praxis.streb.digital\/en\/wp-json\/wp\/v2\/comments?post=55"}],"version-history":[{"count":0,"href":"https:\/\/praxis.streb.digital\/en\/wp-json\/wp\/v2\/pages\/55\/revisions"}],"up":[{"embeddable":true,"href":"https:\/\/praxis.streb.digital\/en\/wp-json\/wp\/v2\/pages\/25"}],"wp:attachment":[{"href":"https:\/\/praxis.streb.digital\/en\/wp-json\/wp\/v2\/media?parent=55"}],"curies":[{"name":"wp","href":"https:\/\/api.w.org\/{rel}","templated":true}]}}