{"id":45,"date":"2025-04-21T14:44:46","date_gmt":"2025-04-21T14:44:46","guid":{"rendered":"https:\/\/praxis.streb.digital\/?page_id=45"},"modified":"2025-05-10T12:43:38","modified_gmt":"2025-05-10T12:43:38","slug":"schlafmedizin-somnologie","status":"publish","type":"page","link":"https:\/\/praxis.streb.digital\/en\/the-practice\/sleep-medicine\/","title":{"rendered":"Sleep medicine (somnology)"},"content":{"rendered":"\t\t<div data-elementor-type=\"wp-page\" data-elementor-id=\"45\" class=\"elementor elementor-45\" data-elementor-post-type=\"page\">\n\t\t\t\t<div class=\"elementor-element elementor-element-11eb303 e-con-full e-flex e-con e-parent\" data-id=\"11eb303\" data-element_type=\"container\">\n\t\t\t\t<div class=\"elementor-element elementor-element-b8cbe58 elementor-widget elementor-widget-template\" data-id=\"b8cbe58\" data-element_type=\"widget\" data-widget_type=\"template.default\">\n\t\t\t\t<div class=\"elementor-widget-container\">\n\t\t\t\t\t\t\t<div class=\"elementor-template\">\n\t\t\t\t\t<div data-elementor-type=\"container\" data-elementor-id=\"577\" class=\"elementor elementor-577\" data-elementor-post-type=\"elementor_library\">\n\t\t\t\t<div class=\"elementor-element elementor-element-3c5e3e3a e-con-full e-flex e-con e-child\" data-id=\"3c5e3e3a\" data-element_type=\"container\" data-settings=\"{&quot;background_background&quot;:&quot;classic&quot;}\">\n\t\t\t\t<div class=\"elementor-element elementor-element-5554046d elementor-widget elementor-widget-heading\" data-id=\"5554046d\" data-element_type=\"widget\" data-widget_type=\"heading.default\">\n\t\t\t\t<div class=\"elementor-widget-container\">\n\t\t\t\t\t<h5 class=\"elementor-heading-title elementor-size-default\">Your practice for body and soul<\/h5>\t\t\t\t<\/div>\n\t\t\t\t<\/div>\n\t\t\t\t<div class=\"elementor-element elementor-element-38ef8a46 elementor-widget elementor-widget-heading\" data-id=\"38ef8a46\" data-element_type=\"widget\" data-widget_type=\"heading.default\">\n\t\t\t\t<div class=\"elementor-widget-container\">\n\t\t\t\t\t<h4 class=\"elementor-heading-title elementor-size-default\">Private practice Dr. Hans J\u00fcrgen Streb<\/h4>\t\t\t\t<\/div>\n\t\t\t\t<\/div>\n\t\t\t\t<\/div>\n\t\t\t\t<\/div>\n\t\t\t\t<\/div>\n\t\t\t\t\t\t<\/div>\n\t\t\t\t<\/div>\n\t\t<div class=\"elementor-element elementor-element-21c51b1 e-con-full e-flex e-con e-child\" data-id=\"21c51b1\" data-element_type=\"container\">\n\t\t\t\t<div class=\"elementor-element elementor-element-547dcd9 elementor-widget__width-inherit elementor-widget elementor-widget-text-editor\" data-id=\"547dcd9\" data-element_type=\"widget\" data-widget_type=\"text-editor.default\">\n\t\t\t\t<div class=\"elementor-widget-container\">\n\t\t\t\t\t\t\t\t\t<h1 class=\"m-size-42 text-align-center\"><span class=\"font-size-25 m-font-size-20\">Sleep medicine <img decoding=\"async\" class=\"alignnone wp-image-1751 size-medium\" src=\"https:\/\/praxis.streb.digital\/wp-content\/uploads\/schlafmed-300x261.png\" alt=\"\" width=\"300\" height=\"261\" srcset=\"https:\/\/praxis.streb.digital\/wp-content\/uploads\/schlafmed-300x261.png 300w, https:\/\/praxis.streb.digital\/wp-content\/uploads\/schlafmed.png 535w\" sizes=\"(max-width: 300px) 100vw, 300px\" \/><\/span><\/h1>\t\t\t\t\t\t\t\t<\/div>\n\t\t\t\t<\/div>\n\t\t\t\t<div class=\"elementor-element elementor-element-0fffa0f elementor-widget__width-initial elementor-widget-mobile__width-inherit elementor-widget elementor-widget-text-editor\" data-id=\"0fffa0f\" data-element_type=\"widget\" data-widget_type=\"text-editor.default\">\n\t\t\t\t<div class=\"elementor-widget-container\">\n\t\t\t\t\t\t\t\t\t<p><strong>When the night becomes a burden<\/strong><\/p><p>Sleep disorders can have many causes &#8211; they are often related to neurological or mental illnesses. In our practice, we get to the bottom of these causes.<\/p><p>An important part of the diagnosis is the so-called <strong>polygraphy<\/strong>:<br \/>For this, you will be given a compact measuring device to wear at home. It records important values that can indicate sleep-related breathing disorders. If necessary, you will then be referred to a specialized sleep laboratory.<\/p><p>We will support you both during <strong>preparation and aftercare<\/strong> &#8211; competently and with a view to your individual situation.<\/p><p>If necessary, we also use <strong>structured questionnaires<\/strong> to obtain as accurate a picture as possible of your symptoms.<\/p>\t\t\t\t\t\t\t\t<\/div>\n\t\t\t\t<\/div>\n\t\t<div class=\"elementor-element elementor-element-0ffcaca e-con-full e-flex e-con e-child\" data-id=\"0ffcaca\" data-element_type=\"container\">\n\t\t\t\t<div class=\"elementor-element elementor-element-7d816ef elementor-widget__width-initial img-max-height elementor-widget elementor-widget-image\" data-id=\"7d816ef\" data-element_type=\"widget\" data-widget_type=\"image.default\">\n\t\t\t\t<div class=\"elementor-widget-container\">\n\t\t\t\t\t\t\t\t\t\t\t\t\t\t\t\t<a href=\"https:\/\/praxis.streb.digital\/wp-content\/uploads\/drstreb_tor.jpeg\" data-elementor-open-lightbox=\"yes\" data-elementor-lightbox-title=\"Tor (Lost Place)\" data-e-action-hash=\"#elementor-action%3Aaction%3Dlightbox%26settings%3DeyJpZCI6Nzk1LCJ1cmwiOiJodHRwczpcL1wvcHJheGlzLnN0cmViLmRpZ2l0YWxcL3dwLWNvbnRlbnRcL3VwbG9hZHNcL2Ryc3RyZWJfdG9yLmpwZWcifQ%3D%3D\">\n\t\t\t\t\t\t\t<img decoding=\"async\" width=\"768\" height=\"1024\" src=\"https:\/\/praxis.streb.digital\/wp-content\/uploads\/drstreb_tor-768x1024.jpeg\" class=\"attachment-medium_large size-medium_large wp-image-795\" alt=\"Tor, das symbolisch f\u00fcr den Zugang zu neuen M\u00f6glichkeiten und Ver\u00e4nderungen in der Psychotherapie steht\" srcset=\"https:\/\/praxis.streb.digital\/wp-content\/uploads\/drstreb_tor-768x1024.jpeg 768w, https:\/\/praxis.streb.digital\/wp-content\/uploads\/drstreb_tor-225x300.jpeg 225w, https:\/\/praxis.streb.digital\/wp-content\/uploads\/drstreb_tor.jpeg 960w\" sizes=\"(max-width: 768px) 100vw, 768px\" \/>\t\t\t\t\t\t\t\t<\/a>\n\t\t\t\t\t\t\t\t\t\t\t\t\t\t\t<\/div>\n\t\t\t\t<\/div>\n\t\t\t\t<div class=\"elementor-element elementor-element-38c2449 elementor-widget__width-initial img-max-height elementor-widget elementor-widget-image\" data-id=\"38c2449\" data-element_type=\"widget\" data-widget_type=\"image.default\">\n\t\t\t\t<div class=\"elementor-widget-container\">\n\t\t\t\t\t\t\t\t\t\t\t\t\t\t\t\t<a href=\"https:\/\/praxis.streb.digital\/wp-content\/uploads\/drstreb_faces.jpg\" data-elementor-open-lightbox=\"yes\" data-elementor-lightbox-title=\"Gesichts-Skulpturen\" data-e-action-hash=\"#elementor-action%3Aaction%3Dlightbox%26settings%3DeyJpZCI6ODAwLCJ1cmwiOiJodHRwczpcL1wvcHJheGlzLnN0cmViLmRpZ2l0YWxcL3dwLWNvbnRlbnRcL3VwbG9hZHNcL2Ryc3RyZWJfZmFjZXMuanBnIn0%3D\">\n\t\t\t\t\t\t\t<img decoding=\"async\" width=\"768\" height=\"982\" src=\"https:\/\/praxis.streb.digital\/wp-content\/uploads\/drstreb_faces-768x982.jpg\" class=\"attachment-medium_large size-medium_large wp-image-800\" alt=\"Skulpturen, die Gesichter mit geschlossenen Augen abbilden, symbolisieren den Schlaf\" srcset=\"https:\/\/praxis.streb.digital\/wp-content\/uploads\/drstreb_faces-768x982.jpg 768w, https:\/\/praxis.streb.digital\/wp-content\/uploads\/drstreb_faces-235x300.jpg 235w, https:\/\/praxis.streb.digital\/wp-content\/uploads\/drstreb_faces-801x1024.jpg 801w, https:\/\/praxis.streb.digital\/wp-content\/uploads\/drstreb_faces.jpg 960w\" sizes=\"(max-width: 768px) 100vw, 768px\" \/>\t\t\t\t\t\t\t\t<\/a>\n\t\t\t\t\t\t\t\t\t\t\t\t\t\t\t<\/div>\n\t\t\t\t<\/div>\n\t\t\t\t<\/div>\n\t\t\t\t<\/div>\n\t\t\t\t<\/div>\n\t\t\t\t<\/div>\n\t\t","protected":false},"excerpt":{"rendered":"<p>Schlafmedizin Gesunder Schlaf Schlafst\u00f6rungen k\u00f6nnen viele Ursachen haben. In unserer Praxis gehen wir diesen Ursachen auf den Grund. Wir bieten Diagnostik und Behandlung insbesondere der mit neurologischen und psychischen Krankheiten verbundenen Schlafst\u00f6rungen. Wir setzen strukturierte Frageb\u00f6gen ein, um ein m\u00f6glichst genaues Bild Ihrer Beschwerden zu erhalten. Eine weitere Untersuchungsmethode in der Schlafmedizin ist die Polygrafie:Dazu [&hellip;]<\/p>\n","protected":false},"author":1,"featured_media":0,"parent":25,"menu_order":0,"comment_status":"closed","ping_status":"closed","template":"","meta":{"footnotes":""},"class_list":["post-45","page","type-page","status-publish","hentry"],"_links":{"self":[{"href":"https:\/\/praxis.streb.digital\/en\/wp-json\/wp\/v2\/pages\/45","targetHints":{"allow":["GET"]}}],"collection":[{"href":"https:\/\/praxis.streb.digital\/en\/wp-json\/wp\/v2\/pages"}],"about":[{"href":"https:\/\/praxis.streb.digital\/en\/wp-json\/wp\/v2\/types\/page"}],"author":[{"embeddable":true,"href":"https:\/\/praxis.streb.digital\/en\/wp-json\/wp\/v2\/users\/1"}],"replies":[{"embeddable":true,"href":"https:\/\/praxis.streb.digital\/en\/wp-json\/wp\/v2\/comments?post=45"}],"version-history":[{"count":0,"href":"https:\/\/praxis.streb.digital\/en\/wp-json\/wp\/v2\/pages\/45\/revisions"}],"up":[{"embeddable":true,"href":"https:\/\/praxis.streb.digital\/en\/wp-json\/wp\/v2\/pages\/25"}],"wp:attachment":[{"href":"https:\/\/praxis.streb.digital\/en\/wp-json\/wp\/v2\/media?parent=45"}],"curies":[{"name":"wp","href":"https:\/\/api.w.org\/{rel}","templated":true}]}}